{"id":113,"date":"2015-09-24T13:58:22","date_gmt":"2015-09-24T12:58:22","guid":{"rendered":"http:\/\/www.sfsnmc.org\/dev\/?page_id=113"},"modified":"2017-11-09T16:34:21","modified_gmt":"2017-11-09T15:34:21","slug":"symposium-rnbe2016","status":"publish","type":"page","link":"https:\/\/www.sfsnmc.org\/index.php\/symposiums\/symposium-rnbe2016\/","title":{"rendered":"Symposium RNBE-2016"},"content":{"rendered":"<h1 style=\"text-align: center;\">1<sup>er<\/sup> Symposium sur les<\/h1>\n<h1 style=\"text-align: center;\"><span style=\"color: #008080;\">R<\/span>\u00e9actions <span style=\"color: #ffcc00;\">N<\/span>ucl\u00e9aires \u00e0 <span style=\"color: #339966;\">B<\/span>asse <span style=\"color: #800080;\">\u00c9<\/span>nergie<\/h1>\n<h1 style=\"text-align: center;\"><a style=\"text-align: center;\" title=\"\" href=\"https:\/\/www.sfsnmc.org\/dev\/wp-content\/uploads\/2015\/09\/Logo-RNBE-2016-no-border-transp.png\"><img loading=\"lazy\" decoding=\"async\" class=\"size-medium wp-image-128 aligncenter\" title=\"\" src=\"https:\/\/www.sfsnmc.org\/dev\/wp-content\/uploads\/2015\/09\/Logo-RNBE-2016-no-border-transp-300x257.png\" alt=\"Logo RNBE-2016 no border transp\" width=\"300\" height=\"257\" srcset=\"https:\/\/www.sfsnmc.org\/wp-content\/uploads\/2015\/09\/Logo-RNBE-2016-no-border-transp-300x257.png 300w, https:\/\/www.sfsnmc.org\/wp-content\/uploads\/2015\/09\/Logo-RNBE-2016-no-border-transp.png 747w\" sizes=\"auto, (max-width: 300px) 100vw, 300px\" \/><\/a><\/h1>\n<hr \/>\n<h2>Date et lieu<\/h2>\n<p>Le symposium fut organis\u00e9 en Avignon du vendredi <strong>18 Mars<\/strong> au dimanche <strong>20 Mars 2016<\/strong>, dans les locaux de l&rsquo;\u00e9cole Montessori \u00ab\u00a0La Maison des Enfants\u00a0\u00bb d\u2019Avignon, situ\u00e9e 210B route de Montfavet 84000 Avignon.<\/p>\n<h2>Objectifs et th\u00e9matique du symposium<\/h2>\n<p>La semaine ou s&rsquo;est tenu ce rassemblement sonne les 27 ans de la d\u00e9couverte de cette nouvelle science. Dans ce laps de temps, aucun \u00e9v\u00e8nement majeur en Fran\u00e7ais n&rsquo;a \u00e9t\u00e9 organis\u00e9 afin de permettre aux francophones de d\u00e9couvrir le travail, les avanc\u00e9es et les perspectives obtenues pendant toutes ces ann\u00e9es. L&rsquo;objectif de cette organisation est de promouvoir cette science en France.<\/p>\n<p>La langue de ce symposium sera le Fran\u00e7ais.<\/p>\n<h2>Th\u00e8mes scientifiques abord\u00e9s<\/h2>\n<ul>\n<li>Calorim\u00e9trie,<\/li>\n<li>Transmutations,<\/li>\n<li>Th\u00e9ories,<\/li>\n<li>Science des mat\u00e9riaux,<\/li>\n<li>Mesures de Particules et Rayonnements,<\/li>\n<li>Reproductions,<\/li>\n<li>Aspects exp\u00e9rimentaux.<\/li>\n<\/ul>\n<hr \/>\n<h2>Programme<\/h2>\n<table border=\"1\" cellspacing=\"1\" cellpadding=\"1\">\n<tbody>\n<tr align=\"center\" valign=\"center\">\n<td style=\"text-align: center;\" bgcolor=\"#e5f8c6\">\n<h3>Date<\/h3>\n<\/td>\n<td style=\"text-align: center;\" bgcolor=\"#e5f8c6\">\n<h3>08:30<\/h3>\n<\/td>\n<td style=\"text-align: center;\" bgcolor=\"#e5f8c6\">\n<h3>09:00<\/h3>\n<\/td>\n<td style=\"text-align: center;\" bgcolor=\"#e5f8c6\">\n<h3>10:30<\/h3>\n<\/td>\n<td style=\"text-align: center;\" bgcolor=\"#e5f8c6\">\n<h3>11:00<\/h3>\n<\/td>\n<td style=\"text-align: center;\" bgcolor=\"#e5f8c6\">\n<h3>13:00<\/h3>\n<\/td>\n<td style=\"text-align: center;\" bgcolor=\"#e5f8c6\">\n<h3>14:30<\/h3>\n<\/td>\n<td style=\"text-align: center;\" bgcolor=\"#e5f8c6\">\n<h3>16:30<\/h3>\n<\/td>\n<td style=\"text-align: center;\" bgcolor=\"#e5f8c6\">\n<h3>16:30<\/h3>\n<\/td>\n<td style=\"text-align: center;\" bgcolor=\"#e5f8c6\">\n<h3>18:30<\/h3>\n<\/td>\n<\/tr>\n<tr align=\"center\" valign=\"center\">\n<td bgcolor=\"#e5f8c6\">\n<h3>Samedi 19 Mars<\/h3>\n<\/td>\n<td bgcolor=\"#d7f4d3\">\n<h3>Accueil<\/h3>\n<\/td>\n<td bgcolor=\"#f5edae\">\n<h3>Session1<\/h3>\n<\/td>\n<td bgcolor=\"#d7f4d3\">\n<h3>Caf\u00e9<\/h3>\n<\/td>\n<td bgcolor=\"#f5edae\">\n<h3>Session2<\/h3>\n<\/td>\n<td bgcolor=\"#d7f4d3\">\n<h3>Buffet<\/h3>\n<\/td>\n<td bgcolor=\"#f5edae\">\n<h3>Session3<\/h3>\n<\/td>\n<td bgcolor=\"#d7f4d3\">\n<h3>Caf\u00e9<\/h3>\n<\/td>\n<td bgcolor=\"#f4acf3\">\n<h3>Table Ronde1<\/h3>\n<\/td>\n<td bgcolor=\"#d7f4d3\">\n<h3>D\u00eener de Gala<\/h3>\n<\/td>\n<\/tr>\n<tr align=\"center\" valign=\"center\">\n<td bgcolor=\"#e5f8c6\">\n<h3>Dimanche 20 Mars<\/h3>\n<\/td>\n<td bgcolor=\"#d7f4d3\">\n<h3>Accueil<\/h3>\n<\/td>\n<td bgcolor=\"#f5edae\">\n<h3>Session4<\/h3>\n<\/td>\n<td bgcolor=\"#d7f4d3\">\n<h3>Caf\u00e9<\/h3>\n<\/td>\n<td bgcolor=\"#f5edae\">\n<h3>Session5<\/h3>\n<\/td>\n<td bgcolor=\"#d7f4d3\">\n<h3>Buffet<\/h3>\n<\/td>\n<td bgcolor=\"#f5edae\">\n<h3>Session6<\/h3>\n<\/td>\n<td bgcolor=\"#d7f4d3\">\n<h3>Caf\u00e9<\/h3>\n<\/td>\n<td bgcolor=\"#f4acf3\">\n<h3>Table Ronde2<\/h3>\n<\/td>\n<td bgcolor=\"#d7f4d3\">\n<h3>Fin<\/h3>\n<\/td>\n<\/tr>\n<\/tbody>\n<\/table>\n<h2>D\u00e9tail des sessions<\/h2>\n<p><strong>Samedi<\/strong> 19 mars<\/p>\n<ul>\n<li><strong>Session 1 : Ouverture<\/strong>\n<ul>\n<li>Hommage \u00e0 Georges Longchampt (Jean-Paul Biberian) [<a href=\"https:\/\/drive.google.com\/open?id=0B9qCtGOFmvhmcVRtcy1qWWJKdm8\" target=\"_blank\" rel=\"noopener\">Pr\u00e9sentation<\/a>, <a href=\"http:\/\/iscmns.org\/CMNS\/JCMNS-Vol21.pdf#page=6\" target=\"_blank\" rel=\"noopener\">Publication<\/a>, <a href=\"http:\/\/www.youtube.com\/watch?v=6afczN5HN3g\" target=\"_blank\" rel=\"noopener\">Vid\u00e9o<\/a>]<\/li>\n<li>Recherches ant\u00e9rieures r\u00e9sultats exp\u00e9rimentaux jamais publi\u00e9s (Michel Buxerolles et Jacques Kurkdjian) [<a href=\"https:\/\/drive.google.com\/open?id=0B9qCtGOFmvhmLWdjZkpCN1R6ZE0\" target=\"_blank\" rel=\"noopener\">Pr\u00e9sentation<\/a>, <a href=\"http:\/\/iscmns.org\/CMNS\/JCMNS-Vol21.pdf#page=12\" target=\"_blank\" rel=\"noopener\">Publication<\/a>, <a href=\"http:\/\/www.youtube.com\/watch?v=boSn9lLxGz0\" target=\"_blank\" rel=\"noopener\">Vid\u00e9o<\/a>]<\/li>\n<\/ul>\n<\/li>\n<\/ul>\n<ul>\n<li><strong>Session 2\u00a0: Interpr\u00e9tations fondamentales<\/strong>\n<ul>\n<li>Comptabilisation des Flux Energ\u00e9tiques des R\u00e9acteurs RNBE (Jacques Ruer) [<a href=\"https:\/\/drive.google.com\/open?id=0B9qCtGOFmvhmdURNOUx4emVHenc\" target=\"_blank\" rel=\"noopener\">Pr\u00e9sentation<\/a>, <a href=\"http:\/\/iscmns.org\/CMNS\/JCMNS-Vol21.pdf#page=18\" target=\"_blank\" rel=\"noopener\">Publication<\/a>, <a href=\"https:\/\/www.youtube.com\/watch?v=T3JOGnAANiI\" target=\"_blank\" rel=\"noopener\">Vid\u00e9o<\/a>]<\/li>\n<li>Syst\u00e8me Palladium-Hydrog\u00e8ne (Nicolas Armanet) [<a href=\"https:\/\/drive.google.com\/open?id=0B9qCtGOFmvhmMV9RaXBSTjdIRlNNVm5LcktTX0lrNUhaRjVN\" target=\"_blank\" rel=\"noopener\">R\u00e9sum\u00e9<\/a>]<\/li>\n<li>Les Conducteurs Protoniques (Fran\u00e7ois de Guerville) [<a href=\"https:\/\/drive.google.com\/open?id=0B9qCtGOFmvhmSlhFdkhyaUc2U3c\" target=\"_blank\" rel=\"noopener\">Pr\u00e9sentation<\/a>, <a href=\"http:\/\/iscmns.org\/CMNS\/JCMNS-Vol21.pdf#page=31\" target=\"_blank\" rel=\"noopener\">Publication<\/a>, <a href=\"http:\/\/www.youtube.com\/watch?v=PE972jklNwY\" target=\"_blank\" rel=\"noopener\">Vid\u00e9o<\/a>]<\/li>\n<\/ul>\n<\/li>\n<li><strong>Session 3\u00a0: Th\u00e9ories<\/strong>\n<ul>\n<li>Relativit\u00e9 et Orbites Profondes de l&rsquo;Atome d&rsquo;Hydrog\u00e8ne (Jean-Luc Paillet) [<a href=\"https:\/\/drive.google.com\/open?id=0B9qCtGOFmvhmSXhjT1hOaWFjREU\" target=\"_blank\" rel=\"noopener\">Pr\u00e9sentation<\/a>, <a href=\"http:\/\/iscmns.org\/CMNS\/JCMNS-Vol21.pdf#page=45\" target=\"_blank\" rel=\"noopener\">Publication<\/a>, <a href=\"http:\/\/www.youtube.com\/watch?v=z92DjZUPEw0\" target=\"_blank\" rel=\"noopener\">Vid\u00e9o<\/a>]<\/li>\n<li>L<span lang=\"FR\">\u2019\u00e9nergie se conserve-t-elle vraiment\u00a0?<\/span> (Jean-Fran\u00e7ois Geneste) [<a href=\"https:\/\/drive.google.com\/open?id=0B9qCtGOFmvhmTVFfWjFhbmg5WkE\" target=\"_blank\" rel=\"noopener\">Pr\u00e9sentation<\/a>, <a href=\"https:\/\/www.youtube.com\/watch?v=-ywxwTbERG8\" target=\"_blank\" rel=\"noopener\">Vid\u00e9o<\/a>]<\/li>\n<li>Le Cot\u00e9 Obscur de la Gravit\u00e9 (Fr\u00e9d\u00e9ric Henry-Couannier) [<a href=\"https:\/\/drive.google.com\/open?id=0B9qCtGOFmvhmYzlPUVM0T0pqZXM\" target=\"_blank\" rel=\"noopener\">Pr\u00e9sentation<\/a>, <a href=\"http:\/\/iscmns.org\/CMNS\/JCMNS-Vol21.pdf#page=64\" target=\"_blank\" rel=\"noopener\">Publication<\/a>, <a href=\"https:\/\/www.youtube.com\/watch?v=QGz8B2j-I3w\" target=\"_blank\" rel=\"noopener\">Vid\u00e9o<\/a>]<\/li>\n<\/ul>\n<\/li>\n<li><strong>Table ronde 1<\/strong>\u00a0: Comment la th\u00e9orie peut aider l\u2019exp\u00e9rimentation et vice-versa. Recherches d&rsquo;affinit\u00e9s entre th\u00e9oriciens et exp\u00e9rimentateurs afin de cr\u00e9er des collaborations nationales.<\/li>\n<\/ul>\n<p><strong>Dimanche<\/strong> 20 mars<\/p>\n<ul>\n<li><strong>Session 4 : Recherche exp\u00e9rimentale actuelle<\/strong>\n<ul>\n<li>Historique de la Fusion Froide (Jean-Paul Biberian) [<a href=\"https:\/\/drive.google.com\/open?id=0B9qCtGOFmvhmSTRBTG5iTFpVZEE\" target=\"_blank\" rel=\"noopener\">Pr\u00e9sentation<\/a>, <a href=\"http:\/\/www.youtube.com\/watch?v=sSAo7Ltt3qI\" target=\"_blank\" rel=\"noopener\">Vid\u00e9o<\/a>]<\/li>\n<li>Les Derniers R\u00e9sultats de MFMP (Mathieu Valat) [<a href=\"https:\/\/drive.google.com\/open?id=0B9qCtGOFmvhmdmxWZE1nVEVMZHc\" target=\"_blank\" rel=\"noopener\">Pr\u00e9sentation<\/a>, <a href=\"http:\/\/iscmns.org\/CMNS\/JCMNS-Vol21.pdf#page=86\" target=\"_blank\" rel=\"noopener\">Publication<\/a>, <a href=\"http:\/\/www.youtube.com\/watch?v=AGsGua5h3bA\" target=\"_blank\" rel=\"noopener\">Vid\u00e9o<\/a>]<\/li>\n<li>Couche Mince de Nickel R\u00e9alis\u00e9e par Pulv\u00e9risation Cathodique (Didier Grass) [<a href=\"https:\/\/drive.google.com\/open?id=1dzjDMAmKvDJkh596os73onyWb_lo0yT5\" target=\"_blank\" rel=\"noopener\">R\u00e9sum\u00e9<\/a>, <a href=\"https:\/\/drive.google.com\/open?id=0B9qCtGOFmvhmbE5xczNxV1hhazA\" target=\"_blank\" rel=\"noopener\">Pr\u00e9sentation<\/a>, <a href=\"http:\/\/www.youtube.com\/watch?v=kqAU3MgJcrY\" target=\"_blank\" rel=\"noopener\">Vid\u00e9o<\/a>]<\/li>\n<\/ul>\n<\/li>\n<li><strong>Session 5 : Th\u00e9ories<\/strong>\n<ul>\n<li>Mod\u00e8le Concis et Non-conventionnel des Particules du Noyau (Bill Collis) [<a href=\"https:\/\/drive.google.com\/open?id=0B9qCtGOFmvhmbkwybFdGSTZKcm8\">Pr\u00e9sentation<\/a>, <a href=\"http:\/\/www.youtube.com\/watch?v=aarUkuQPZyU\">Vid\u00e9o<\/a>]<\/li>\n<li>Les RNBE (Fr\u00e9d\u00e9ric Henry-Couannier) [<a href=\"https:\/\/drive.google.com\/open?id=0B9qCtGOFmvhmYzlPUVM0T0pqZXM\" target=\"_blank\" rel=\"noopener\">Pr\u00e9sentation<\/a>, <a href=\"http:\/\/iscmns.org\/CMNS\/JCMNS-Vol21.pdf#page=64\" target=\"_blank\" rel=\"noopener\">Publication<\/a>, <a href=\"http:\/\/www.youtube.com\/watch?v=x96lu9L4KNU\" target=\"_blank\" rel=\"noopener\">Vid\u00e9o<\/a>]<\/li>\n<\/ul>\n<\/li>\n<li><strong>Session 6\u00a0: Avenir exp\u00e9rimental de la fusion froide en France<\/strong>\n<ul>\n<li>Remarques sur les Exp\u00e9riences d&rsquo;Electrolyse de Plasma (Pierre Clauzon) [<a href=\"https:\/\/drive.google.com\/open?id=0B9qCtGOFmvhmUjhPblU3SWZtVkk\" target=\"_blank\" rel=\"noopener\">Pr\u00e9sentation<\/a>]<\/li>\n<li>Synth\u00e8se d&rsquo;un Pico-Hydrure de Fer (Fe-pH) (Jacques Dufour)<\/li>\n<li>Exp\u00e9riences en Cours (Jean-Paul Biberian et Mathieu Valat) [<a href=\"https:\/\/drive.google.com\/open?id=0B9qCtGOFmvhmMWNPSzNueWs0dXc\" target=\"_blank\" rel=\"noopener\">Pr\u00e9sentation<\/a>, <a href=\"http:\/\/www.youtube.com\/watch?v=YUOWkclMUg8\" target=\"_blank\" rel=\"noopener\">Vid\u00e9o<\/a>]<\/li>\n<\/ul>\n<\/li>\n<li><strong>Table Ronde2<\/strong>\u00a0: Mobilisation de la recherche en Fusion Froide en France.<\/li>\n<\/ul>\n<h2>Publication des travaux<\/h2>\n<p>Le contenu des publications \u00e0 fait l&rsquo;objet d&rsquo;un volume sp\u00e9cial du JCMNS. Ce volume est disponible en utilisant [<a href=\"http:\/\/iscmns.org\/CMNS\/JCMNS-Vol21.pdf\" target=\"_blank\" rel=\"noopener\">ce lien<\/a> ou <a href=\"http:\/\/lenr-canr.org\/acrobat\/BiberianJPjcondensedt.pdf\" target=\"_blank\" rel=\"noopener\">celui-ci<\/a>].<\/p>\n","protected":false},"excerpt":{"rendered":"<p>1er Symposium sur les R\u00e9actions Nucl\u00e9aires \u00e0 Basse \u00c9nergie Date et lieu Le symposium fut organis\u00e9 en Avignon du vendredi 18 Mars au dimanche 20 Mars 2016, dans les locaux de l&rsquo;\u00e9cole Montessori \u00ab\u00a0La Maison des Enfants\u00a0\u00bb d\u2019Avignon, situ\u00e9e 210B route de Montfavet 84000 Avignon. Objectifs et th\u00e9matique du symposium La semaine ou s&rsquo;est tenu&hellip;<\/p>\n","protected":false},"author":1,"featured_media":0,"parent":273,"menu_order":0,"comment_status":"closed","ping_status":"closed","template":"page-templates\/template-full-width.php","meta":{"footnotes":""},"class_list":["post-113","page","type-page","status-publish","hentry"],"_links":{"self":[{"href":"https:\/\/www.sfsnmc.org\/index.php\/wp-json\/wp\/v2\/pages\/113","targetHints":{"allow":["GET"]}}],"collection":[{"href":"https:\/\/www.sfsnmc.org\/index.php\/wp-json\/wp\/v2\/pages"}],"about":[{"href":"https:\/\/www.sfsnmc.org\/index.php\/wp-json\/wp\/v2\/types\/page"}],"author":[{"embeddable":true,"href":"https:\/\/www.sfsnmc.org\/index.php\/wp-json\/wp\/v2\/users\/1"}],"replies":[{"embeddable":true,"href":"https:\/\/www.sfsnmc.org\/index.php\/wp-json\/wp\/v2\/comments?post=113"}],"version-history":[{"count":77,"href":"https:\/\/www.sfsnmc.org\/index.php\/wp-json\/wp\/v2\/pages\/113\/revisions"}],"predecessor-version":[{"id":342,"href":"https:\/\/www.sfsnmc.org\/index.php\/wp-json\/wp\/v2\/pages\/113\/revisions\/342"}],"up":[{"embeddable":true,"href":"https:\/\/www.sfsnmc.org\/index.php\/wp-json\/wp\/v2\/pages\/273"}],"wp:attachment":[{"href":"https:\/\/www.sfsnmc.org\/index.php\/wp-json\/wp\/v2\/media?parent=113"}],"curies":[{"name":"wp","href":"https:\/\/api.w.org\/{rel}","templated":true}]}}