{"id":193,"date":"2015-12-07T21:58:42","date_gmt":"2015-12-07T20:58:42","guid":{"rendered":"http:\/\/www.sfsnmc.org\/dev\/?page_id=193"},"modified":"2022-03-28T14:37:26","modified_gmt":"2022-03-28T13:37:26","slug":"inscription-au-symposium","status":"publish","type":"page","link":"https:\/\/www.sfsnmc.org\/index.php\/symposiums\/symposium-rnbe-2022\/inscription-au-symposium\/","title":{"rendered":"Inscription au Symposium"},"content":{"rendered":"<p>Cette page a pour but de faciliter votre inscription. Elle se fait en deux \u00e9tapes, le renseignement de vos informations personnelles et le paiement. Tous les participants doivent compl\u00e9ter ces deux \u00e9tapes, qu&rsquo;ils soient simples conf\u00e9renciers ou qu&rsquo;ils viennent pr\u00e9senter leurs travaux, sans quoi l&rsquo;inscription n&rsquo;est pas valide.<\/p>\r\n<p>La premi\u00e8re \u00e9tape consiste \u00e0 renseigner une formulaire d&rsquo;inscription en utilisant le document disponible en <a href=\"https:\/\/docs.google.com\/forms\/d\/e\/1FAIpQLSe4Pq2RIQJUKJ_T1vwikZUpLGCqq7E1aR-Oq2YJkTs3c96xxA\/viewform?usp=sf_link\">suivant ce lien<\/a>. Veillez bien \u00e0 faire d\u00e9filer la page vers le bas une fois vos r\u00e9ponses soumises.<\/p>\r\n<p>Ensuite, pour effectuer votre paiement via Paypal, veuillez utiliser le menu suivant :<\/p>\r\n<form action=\"https:\/\/www.paypal.com\/cgi-bin\/webscr\" method=\"post\" target=\"_top\"><input name=\"cmd\" type=\"hidden\" value=\"_s-xclick\" \/> <input name=\"hosted_button_id\" type=\"hidden\" value=\"5LJM7JEATSDWL\" \/>\r\n<table>\r\n<tbody>\r\n<tr>\r\n<td><input name=\"on0\" type=\"hidden\" value=\"Nombre de participants accompagnants\" \/>Nombre de participants accompagnants<\/td>\r\n<\/tr>\r\n<tr>\r\n<td><select name=\"os0\">\r\n<option value=\"1 participant\">1 participant \u20ac100,00 EUR<\/option>\r\n<option value=\"1 participant et 1 accompagnat\">1 participant et 1 accompagnat \u20ac150,00 EUR<\/option>\r\n<option value=\"2 participants\">2 participants \u20ac200,00 EUR<\/option>\r\n<option value=\"2 participants et 1 accompagnant\">2 participants et 1 accompagnant \u20ac250,00 EUR<\/option>\r\n<option value=\"2 participants et 2 accompagnants\">2 participants et 2 accompagnants \u20ac300,00 EUR<\/option>\r\n<\/select><\/td>\r\n<\/tr>\r\n<\/tbody>\r\n<\/table>\r\n<input name=\"currency_code\" type=\"hidden\" value=\"EUR\" \/> <input alt=\"Puis cliquer ICI pour effectuer le paiement Paypal.\" name=\"submit\" src=\"https:\/\/www.paypalobjects.com\/fr_FR\/FR\/i\/btn\/btn_paynow_LG.gif\" type=\"image\" \/> <img loading=\"lazy\" decoding=\"async\" src=\"https:\/\/www.paypalobjects.com\/en_US\/i\/scr\/pixel.gif\" alt=\"\" width=\"1\" height=\"1\" border=\"0\" \/><\/form><form action=\"https:\/\/www.paypal.com\/cgi-bin\/webscr\" method=\"post\" target=\"_top\"><input name=\"cmd\" type=\"hidden\" value=\"_s-xclick\" \/> <input name=\"hosted_button_id\" type=\"hidden\" value=\"FC2TVT7UGMPUC\" \/><img loading=\"lazy\" decoding=\"async\" src=\"https:\/\/www.paypalobjects.com\/fr_FR\/i\/scr\/pixel.gif\" alt=\"\" width=\"1\" height=\"1\" border=\"0\" \/><\/form>\r\n<p>&nbsp;<\/p>\r\n<p>Si vous pr\u00e9f\u00e9rez vous pouvez envoyer un ch\u00e8que du montant correspondant au co\u00fbt de l&rsquo;inscription \u00e0 l&rsquo;adresse de l&rsquo;association :<\/p>\r\n<p>SFSNMC<br \/>7, rue de l&rsquo;Eglise<br \/>30190 St Geni\u00e8s de Malgoir\u00e8s<code><\/code><\/p>\r\n","protected":false},"excerpt":{"rendered":"<p>Cette page a pour but de faciliter votre inscription. Elle se fait en deux \u00e9tapes, le renseignement de vos informations personnelles et le paiement. Tous les participants doivent compl\u00e9ter ces deux \u00e9tapes, qu&rsquo;ils soient simples conf\u00e9renciers ou qu&rsquo;ils viennent pr\u00e9senter leurs travaux, sans quoi l&rsquo;inscription n&rsquo;est pas valide. La premi\u00e8re \u00e9tape consiste \u00e0 renseigner une&hellip;<\/p>\n","protected":false},"author":1,"featured_media":0,"parent":457,"menu_order":0,"comment_status":"closed","ping_status":"closed","template":"page-templates\/template-full-width.php","meta":{"footnotes":""},"class_list":["post-193","page","type-page","status-publish","hentry"],"_links":{"self":[{"href":"https:\/\/www.sfsnmc.org\/index.php\/wp-json\/wp\/v2\/pages\/193","targetHints":{"allow":["GET"]}}],"collection":[{"href":"https:\/\/www.sfsnmc.org\/index.php\/wp-json\/wp\/v2\/pages"}],"about":[{"href":"https:\/\/www.sfsnmc.org\/index.php\/wp-json\/wp\/v2\/types\/page"}],"author":[{"embeddable":true,"href":"https:\/\/www.sfsnmc.org\/index.php\/wp-json\/wp\/v2\/users\/1"}],"replies":[{"embeddable":true,"href":"https:\/\/www.sfsnmc.org\/index.php\/wp-json\/wp\/v2\/comments?post=193"}],"version-history":[{"count":58,"href":"https:\/\/www.sfsnmc.org\/index.php\/wp-json\/wp\/v2\/pages\/193\/revisions"}],"predecessor-version":[{"id":489,"href":"https:\/\/www.sfsnmc.org\/index.php\/wp-json\/wp\/v2\/pages\/193\/revisions\/489"}],"up":[{"embeddable":true,"href":"https:\/\/www.sfsnmc.org\/index.php\/wp-json\/wp\/v2\/pages\/457"}],"wp:attachment":[{"href":"https:\/\/www.sfsnmc.org\/index.php\/wp-json\/wp\/v2\/media?parent=193"}],"curies":[{"name":"wp","href":"https:\/\/api.w.org\/{rel}","templated":true}]}}