{"id":2,"date":"2015-05-26T08:27:28","date_gmt":"2015-05-26T07:27:28","guid":{"rendered":"http:\/\/www.sfsnmc.org\/dev\/?page_id=2"},"modified":"2025-11-19T15:33:43","modified_gmt":"2025-11-19T14:33:43","slug":"accueil","status":"publish","type":"page","link":"https:\/\/www.sfsnmc.org\/","title":{"rendered":"Accueil"},"content":{"rendered":"<h1 style=\"text-align: center;\">BIENVENUE !<\/h1>\r\n<p><div class=\"column-third first\"><a class=\"hoverZoomLink\" href=\"https:\/\/www.sfsnmc.org\/dev\/wp-content\/uploads\/2015\/05\/globe-110774_6401.jpg\"><img loading=\"lazy\" decoding=\"async\" class=\"wp-image-99 size-medium aligncenter hoverZoomLink\" src=\"https:\/\/www.sfsnmc.org\/dev\/wp-content\/uploads\/2015\/05\/globe-110774_6401-300x200.jpg\" alt=\"\" width=\"300\" height=\"200\" srcset=\"https:\/\/www.sfsnmc.org\/wp-content\/uploads\/2015\/05\/globe-110774_6401-300x200.jpg 300w, https:\/\/www.sfsnmc.org\/wp-content\/uploads\/2015\/05\/globe-110774_6401.jpg 639w\" sizes=\"auto, (max-width: 300px) 100vw, 300px\" \/><\/a><\/p>\r\n<p>&nbsp;<\/p>\r\n<p style=\"text-align: center;\">De nombreux francophones s\u2019int\u00e9ressent \u00e0 ce sujet enthousiasmant connu sous l\u2019appellation de \u00ab\u00a0fusion froide\u00a0\u00bb, mais jusqu\u2019\u00e0 pr\u00e9sent les informations \u00e9taient le plus souvent en anglais. Cette association permet \u00e0 toutes les personnes de langue fran\u00e7aise de se retrouver.<\/div><div class=\"column-third second\"><\/p>\r\n<p style=\"text-align: center;\"><a href=\"https:\/\/www.sfsnmc.org\/wp-content\/uploads\/2015\/05\/SFSNMC-logo_test-color_test_01-green.png\"><img loading=\"lazy\" decoding=\"async\" class=\"alignnone wp-image-225\" src=\"https:\/\/www.sfsnmc.org\/wp-content\/uploads\/2015\/05\/SFSNMC-logo_test-color_test_01-green.png\" alt=\"SFSNMC-logo_test-color_test_01-green\" width=\"187\" height=\"218\" \/><\/a><\/p>\r\n<p style=\"text-align: center;\">L\u2019objectif de cette association, \u00e0 travers le site Internet et des r\u00e9unions r\u00e9guli\u00e8res, est de faire mieux connaitre les derni\u00e8res avanc\u00e9es dans le domaine des r\u00e9actions nucl\u00e9aires \u00e0 basse \u00e9nergie et de pouvoir participer \u00e0 son d\u00e9veloppement.<\/div><div class=\"column-third third\"><a class=\"hoverZoomLink\" href=\"https:\/\/www.sfsnmc.org\/dev\/wp-content\/uploads\/2015\/05\/meeting-83519_640.jpg\"><img loading=\"lazy\" decoding=\"async\" class=\"size-medium wp-image-66 aligncenter hoverZoomLink\" src=\"https:\/\/www.sfsnmc.org\/dev\/wp-content\/uploads\/2015\/05\/meeting-83519_640-300x199.jpg\" alt=\"meeting-83519_640\" width=\"300\" height=\"199\" srcset=\"https:\/\/www.sfsnmc.org\/wp-content\/uploads\/2015\/05\/meeting-83519_640-300x199.jpg 300w, https:\/\/www.sfsnmc.org\/wp-content\/uploads\/2015\/05\/meeting-83519_640.jpg 640w\" sizes=\"auto, (max-width: 300px) 100vw, 300px\" \/><\/a><\/p>\r\n<p>&nbsp;<\/p>\r\n<p style=\"text-align: center;\">Rencontrez les acteurs de cette science, participez aux r\u00e9flexions, aux travaux, \u00e0 travers des outils qui vous permettront de participer \u00e0 l\u2019\u00e9mergence de cette nouvelle technologie<\/div><\/p>\r\n\r\n<h2 class=\"wp-block-heading\">Derni\u00e8re actualit\u00e9<\/h2>\r\n<p>La SFSNMC organise avec l\u2019ISCMNS le colloque IWAHLM17 \u00e0 Bergamo du 24 au 26 mars 2026.<\/p>\r\n<p>Pour plus d&rsquo;information, vous pouvez acc\u00e9der \u00e0 la page d\u00e9di\u00e9e, <a href=\"https:\/\/www.sfsnmc.org\/index.php\/iwahlm-17\/\">disponible ici<\/a>.<\/p>\r\n\r\n\r\n\r\n\r\n\r\n<div id=\"hzImg\" style=\"border: 4px solid #ffffff; line-height: 0px; overflow: hidden; padding: 0px; margin: 4px; position: absolute; z-index: 2147483647; border-radius: 4px; box-shadow: rgba(0, 0, 0, 0.4) 0px 1px 3px; visibility: visible; opacity: 1; top: 728px; left: 32px; cursor: pointer; pointer-events: none; width: auto; height: auto; background-color: #ffffff; display: none;\">\u00a0<\/div>\r\n<div id=\"hzImg\" style=\"border: 4px solid #ffffff; line-height: 0px; overflow: hidden; padding: 0px; margin: 4px; position: absolute; z-index: 2147483647; border-radius: 4px; box-shadow: rgba(0, 0, 0, 0.4) 0px 1px 3px; visibility: visible; opacity: 1; top: 26px; left: 5px; cursor: pointer; pointer-events: none; width: auto; height: auto; background-color: #ffffff; display: none;\">\u00a0<\/div>","protected":false},"excerpt":{"rendered":"<p>BIENVENUE ! Derni\u00e8re actualit\u00e9 La SFSNMC organise avec l\u2019ISCMNS le colloque IWAHLM17 \u00e0 Bergamo du 24 au 26 mars 2026. Pour plus d&rsquo;information, vous pouvez acc\u00e9der \u00e0 la page d\u00e9di\u00e9e, disponible ici. \u00a0 \u00a0<\/p>\n","protected":false},"author":1,"featured_media":0,"parent":0,"menu_order":0,"comment_status":"closed","ping_status":"closed","template":"page-templates\/template-full-width.php","meta":{"footnotes":""},"class_list":["post-2","page","type-page","status-publish","hentry"],"_links":{"self":[{"href":"https:\/\/www.sfsnmc.org\/index.php\/wp-json\/wp\/v2\/pages\/2","targetHints":{"allow":["GET"]}}],"collection":[{"href":"https:\/\/www.sfsnmc.org\/index.php\/wp-json\/wp\/v2\/pages"}],"about":[{"href":"https:\/\/www.sfsnmc.org\/index.php\/wp-json\/wp\/v2\/types\/page"}],"author":[{"embeddable":true,"href":"https:\/\/www.sfsnmc.org\/index.php\/wp-json\/wp\/v2\/users\/1"}],"replies":[{"embeddable":true,"href":"https:\/\/www.sfsnmc.org\/index.php\/wp-json\/wp\/v2\/comments?post=2"}],"version-history":[{"count":34,"href":"https:\/\/www.sfsnmc.org\/index.php\/wp-json\/wp\/v2\/pages\/2\/revisions"}],"predecessor-version":[{"id":609,"href":"https:\/\/www.sfsnmc.org\/index.php\/wp-json\/wp\/v2\/pages\/2\/revisions\/609"}],"wp:attachment":[{"href":"https:\/\/www.sfsnmc.org\/index.php\/wp-json\/wp\/v2\/media?parent=2"}],"curies":[{"name":"wp","href":"https:\/\/api.w.org\/{rel}","templated":true}]}}