{"id":377,"date":"2019-04-10T22:08:20","date_gmt":"2019-04-10T21:08:20","guid":{"rendered":"http:\/\/www.sfsnmc.org\/?page_id=377"},"modified":"2019-05-31T09:57:47","modified_gmt":"2019-05-31T08:57:47","slug":"introduction-a-la-fusion-froide","status":"publish","type":"page","link":"https:\/\/www.sfsnmc.org\/index.php\/en-savoir-plus\/introduction-a-la-fusion-froide\/","title":{"rendered":"Introduction \u00e0 la Fusion Froide"},"content":{"rendered":"\n<p>Ce domaine de la physique, qu\u2019est la science nucl\u00e9aire dans la mati\u00e8re condens\u00e9e, fut d\u00e9couvert par Stanley Pons et Martin Fleischmann. Stanley Pons \u00e9tait alors pr\u00e9sident du d\u00e9partement de chimie de l\u2019universit\u00e9 de l&rsquo;Utah et Martin Fleischmann \u00e9tait professeur \u00e0 l\u2019universit\u00e9 Britannique de Southmapton, membre de la Royal Academy (l\u2019\u00e9quivalent de l\u2019Acad\u00e9mie des Sciences en France), il \u00e9tait reconnu comme un des meilleurs \u00e9lectrochimistes de son \u00e9poque. Ces personnes \u00e9taient d\u2019\u00e9minents scientifiques, tout \u00e0 fait \u00e0 m\u00eame de pouvoir effectuer une telle d\u00e9couverte.<\/p>\n\n\n\n<p>Lors de leurs \u00e9tudes exp\u00e9rimentales, entre 1985 et 1989, ces deux d\u00e9couvreurs avaient fait l\u2019hypoth\u00e8se que la proximit\u00e9 des atomes de deut\u00e9rium introduit par \u00e9lectrochimie dans une matrice m\u00e9tallique de palladium suffirait pour permettre la fusion des deux atomes d\u2019hydrog\u00e8ne, donnant naissance \u00e0 de l\u2019h\u00e9lium accompagn\u00e9 d&rsquo;une immense quantit\u00e9 d\u2019\u00e9nergie.<\/p>\n\n\n\n<div class=\"wp-block-image hoverZoomLink\"><figure class=\"aligncenter\"><a class=\"hoverZoomLink\" href=\"https:\/\/www.sfsnmc.org\/dev\/wp-content\/uploads\/2015\/05\/url.png\"><img loading=\"lazy\" decoding=\"async\" width=\"256\" height=\"300\" src=\"https:\/\/www.sfsnmc.org\/dev\/wp-content\/uploads\/2015\/05\/url-256x300.png\" alt=\"Sch\u00e9ma de la cellule utilis\u00e9e\" class=\"wp-image-111\" srcset=\"https:\/\/www.sfsnmc.org\/wp-content\/uploads\/2015\/05\/url-256x300.png 256w, https:\/\/www.sfsnmc.org\/wp-content\/uploads\/2015\/05\/url.png 730w\" sizes=\"auto, (max-width: 256px) 100vw, 256px\" \/><\/a><figcaption>Sch\u00e9ma de la cellule utilis\u00e9e.<\/figcaption><\/figure><\/div>\n\n\n\n<p>Les mesures de calorim\u00e9trie tr\u00e8s fines qu\u2019ils utilisaient leur permirent de montrer que les exc\u00e8s de chaleur observ\u00e9s ne pouvaient pas \u00eatre expliqu\u00e9s par des r\u00e9actions chimiques. Sans avoir la preuve formelle, ils pens\u00e8rent que les r\u00e9actions \u00e9taient d\u2019origine nucl\u00e9aire. Sous la pression du pr\u00e9sident de l\u2019Universit\u00e9 de l\u2019Utah, &nbsp;ils d\u00e9cid\u00e8rent d\u2019aller de l\u2019avant en \u00e9cartant la m\u00e9thode scientifique de publication classique et le 23 mars 1989, ils annonc\u00e8rent par voie de conf\u00e9rence de presse leur d\u00e9couverte qui marquait le d\u00e9but d&rsquo;une nouvelle \u00e8re pour la science et la technologie.<\/p>\n\n\n\n<p>Les m\u00e9dias s\u2019empar\u00e8rent de la \u00ab\u00a0fusion froide\u00a0\u00bb, et de nombreux laboratoires et universit\u00e9s au travers le monde d\u00e9cid\u00e8rent de reproduire cette r\u00e9action. Trois laboratoires de renom, le MIT de Boston, le Caltech \u00e0 Pasadena et le laboratoire Horwell en Grande Bretagne se charg\u00e8rent de v\u00e9rifier les dires des deux savants. Apr\u00e8s des essais infructueux ils annonc\u00e8rent que Pons et Fleischmann avaient probablement falsifi\u00e9 leurs r\u00e9sultats et menti au public. Ce fut la fin de l&rsquo;investigation publique am\u00e9ricaine dans ce domaine pour plus de dix ans.<\/p>\n\n\n\n<div class=\"wp-block-image hoverZoomLink\"><figure class=\"aligncenter\"><a class=\"hoverZoomLink\" href=\"https:\/\/www.sfsnmc.org\/dev\/wp-content\/uploads\/2015\/05\/5645160996_3819199bd9_o.jpg\"><img loading=\"lazy\" decoding=\"async\" width=\"300\" height=\"300\" src=\"https:\/\/www.sfsnmc.org\/dev\/wp-content\/uploads\/2015\/05\/5645160996_3819199bd9_o-300x300.jpg\" alt=\"\" class=\"wp-image-108\" srcset=\"https:\/\/www.sfsnmc.org\/wp-content\/uploads\/2015\/05\/5645160996_3819199bd9_o-300x300.jpg 300w, https:\/\/www.sfsnmc.org\/wp-content\/uploads\/2015\/05\/5645160996_3819199bd9_o-150x150.jpg 150w, https:\/\/www.sfsnmc.org\/wp-content\/uploads\/2015\/05\/5645160996_3819199bd9_o-50x50.jpg 50w, https:\/\/www.sfsnmc.org\/wp-content\/uploads\/2015\/05\/5645160996_3819199bd9_o.jpg 612w\" sizes=\"auto, (max-width: 300px) 100vw, 300px\" \/><\/a><figcaption>Avalanche de publications sur la Fusion Froide<\/figcaption><\/figure><\/div>\n\n\n\n<p>Les raisons de leurs \u00e9checs sont maintenant bien connues de la communaut\u00e9 de scientifiques qui travaille sur ce sujet de recherche. De par les \u00e9tudes rigoureuses qui furent men\u00e9es, une meilleure compr\u00e9hension des param\u00e8tres permettant le d\u00e9clenchement des r\u00e9actions en a \u00e9merg\u00e9. Une des raisons principales est le faible taux de chargement de l\u2019\u00e9lectrode de palladium par le deut\u00e9rium. Cette condition importante n\u2019\u00e9tait pas encore connue en 1989.<\/p>\n\n\n\n<p>Cette science part du principe que des r\u00e9actions nucl\u00e9aires peuvent se produire dans de la mati\u00e8re condens\u00e9e en pr\u00e9sence d\u2019hydrog\u00e8ne ou de ses isotopes. Alors qu\u2019en physique nucl\u00e9aire les r\u00e9actions sont \u00e0 deux corps, par exemple, deux noyaux de deut\u00e9rium entrant en collision dans le vide.&nbsp;Dans un solide, c\u2019est l\u2019ensemble du mat\u00e9riau qui intervient. Nous sommes dans le cadre de r\u00e9actions \u00e0 N corps. Cette nouvelle science n\u2019avait jusqu\u2019alors jamais \u00e9t\u00e9 envisag\u00e9e.<\/p>\n\n\n\n<p>La fusion froide est \u00e0 l\u2019oppos\u00e9 de ce qui est en cours de d\u00e9veloppement \u00e0 Cadarache avec ITER o\u00f9 les noyaux d\u2019hydrog\u00e8ne sont envoy\u00e9s les uns contre les autres avec une grande \u00e9nergie cin\u00e9tique, il en r\u00e9sulte une tr\u00e8s haute temp\u00e9rature (150 millions de degr\u00e9s). La fusion froide au contraire se d\u00e9roule \u00e0 temp\u00e9rature proche de la temp\u00e9rature ambiante, d\u2019o\u00f9 son appellation.<\/p>\n\n\n\n<p>Dans les faits, la recherche en physique nucl\u00e9aire et physique des particules a \u00e9volu\u00e9 pendant 60 ans suivant une motivation principale, l&rsquo;augmentation de l&rsquo;\u00e9nergie de collision. La raison de cette recherche r\u00e9side dans la possibilit\u00e9 de pouvoir observer de plus petits constituants de la mati\u00e8re. Cette course \u00e0 r\u00e9cemment atteint son paroxysme avec le d\u00e9but des mesures faites au CERN au moyen du LHC (Large Hadron Collider).<\/p>\n\n\n\n<p>Cependant, les r\u00e9actions \u00e0 basses \u00e9nergies ont eu peu ou pas de cr\u00e9dits de recherche pendant tr\u00e8s longtemps. Elles furent faites \u00e0 une \u00e9poque ou les instruments \u00e9taient bien moins pr\u00e9cis que ceux que nous utilisons de nos jours. Alors que cet int\u00e9r\u00eat renait dans l&rsquo;ensemble de la communaut\u00e9 scientifique, les analyses montrent que nos mod\u00e8les sont incomplets.<\/p>\n\n\n\n<p>Afin de satisfaire \u00e0 une approche de vulgarisation, il est important de comprendre la nature des r\u00e9actions qui se produisent dans nos centrales nucl\u00e9aires Fran\u00e7aises (de type fission de noyaux lourds). Elles ont pour cons\u00e9quence de traumatiser, avec une \u00e9nergie tr\u00e8s importante, la mati\u00e8re mise en oeuvre.<\/p>\n\n\n\n<p>L\u2019avantage est que le gain net en \u00e9nergie produite par r\u00e9action est tr\u00e8s important, rendant cette technologie \u00e9conomiquement tr\u00e8s int\u00e9ressante et relativement facile \u00e0 mettre en oeuvre. Par contre, la mati\u00e8re s&rsquo;est vue modifi\u00e9e tellement violemment que son instabilit\u00e9 provoque une \u00e9mission de rayonnement ionisant dangereuse, tr\u00e8s importante pour une tr\u00e8s longue dur\u00e9e.<\/p>\n\n\n\n<p>Les r\u00e9actions nucl\u00e9aires qui se produisent dans la mati\u00e8re condens\u00e9e sont diff\u00e9rentes de celles qui se produisent dans les exp\u00e9riences \u00e0 haute \u00e9nergie. Les m\u00e9canismes en jeu ne provoquent pas la production de rayonnements dangereux. Cela permettra de r\u00e9aliser dans l\u2019avenir des petites centrales \u00e0 fusion froide qui pourront \u00eatre implant\u00e9es aussi bien dans une habitation que dans une voiture.<\/p>\n","protected":false},"excerpt":{"rendered":"<p>Ce domaine de la physique, qu\u2019est la science nucl\u00e9aire dans la mati\u00e8re condens\u00e9e, fut d\u00e9couvert par Stanley Pons et Martin Fleischmann. Stanley Pons \u00e9tait alors pr\u00e9sident du d\u00e9partement de chimie de l\u2019universit\u00e9 de l&rsquo;Utah et Martin Fleischmann \u00e9tait professeur \u00e0 l\u2019universit\u00e9 Britannique de Southmapton, membre de la Royal Academy (l\u2019\u00e9quivalent de l\u2019Acad\u00e9mie des Sciences en&hellip;<\/p>\n","protected":false},"author":1,"featured_media":0,"parent":5,"menu_order":0,"comment_status":"closed","ping_status":"closed","template":"page-templates\/template-full-width.php","meta":{"footnotes":""},"class_list":["post-377","page","type-page","status-publish","hentry"],"_links":{"self":[{"href":"https:\/\/www.sfsnmc.org\/index.php\/wp-json\/wp\/v2\/pages\/377","targetHints":{"allow":["GET"]}}],"collection":[{"href":"https:\/\/www.sfsnmc.org\/index.php\/wp-json\/wp\/v2\/pages"}],"about":[{"href":"https:\/\/www.sfsnmc.org\/index.php\/wp-json\/wp\/v2\/types\/page"}],"author":[{"embeddable":true,"href":"https:\/\/www.sfsnmc.org\/index.php\/wp-json\/wp\/v2\/users\/1"}],"replies":[{"embeddable":true,"href":"https:\/\/www.sfsnmc.org\/index.php\/wp-json\/wp\/v2\/comments?post=377"}],"version-history":[{"count":4,"href":"https:\/\/www.sfsnmc.org\/index.php\/wp-json\/wp\/v2\/pages\/377\/revisions"}],"predecessor-version":[{"id":386,"href":"https:\/\/www.sfsnmc.org\/index.php\/wp-json\/wp\/v2\/pages\/377\/revisions\/386"}],"up":[{"embeddable":true,"href":"https:\/\/www.sfsnmc.org\/index.php\/wp-json\/wp\/v2\/pages\/5"}],"wp:attachment":[{"href":"https:\/\/www.sfsnmc.org\/index.php\/wp-json\/wp\/v2\/media?parent=377"}],"curies":[{"name":"wp","href":"https:\/\/api.w.org\/{rel}","templated":true}]}}