{"id":44,"date":"2015-07-15T16:12:38","date_gmt":"2015-07-15T15:12:38","guid":{"rendered":"http:\/\/www.sfsnmc.org\/dev\/?page_id=44"},"modified":"2025-11-24T14:37:35","modified_gmt":"2025-11-24T13:37:35","slug":"actualites","status":"publish","type":"page","link":"https:\/\/www.sfsnmc.org\/index.php\/actualites\/","title":{"rendered":"Actualit\u00e9s"},"content":{"rendered":"<div id=\"bk20\" class=\"bk-widget widget-content widget-content-G4VDV7\">\n<p dir=\"ltr\"><strong>Actualit\u00e9s<\/strong><\/p>\n<p>Nous avons le plaisir de vous inviter \u00e0 participer \u00e0 la rencontre IWAHLM17 qui aura lieu du le<strong>\u00a024 au 26 mars 2026<\/strong>.<\/p>\n<p>De nombreux \u00e9v\u00e9nements se sont produits dans notre domaine et il est temps de nous retrouver afin de pouvoir \u00e9changer sur les avanc\u00e9es r\u00e9centes.<\/p>\n<p>16\/11\/25 &#8211; <a href=\"https:\/\/drive.google.com\/file\/d\/14L1UrYBoQtbVlzn23aZA7NlP17n0QdrK\/view?usp=drive_link\" target=\"_blank\" rel=\"noopener\">Lettre aux membres num\u00e9ro 60<\/a> : Premi\u00e8re annonce du prochain colloque IWAHLM17<\/p>\n<p>21\/09\/25 &#8211; <a href=\"https:\/\/drive.google.com\/file\/d\/1UwIFbumPAAxAEdcoksxpUl4_O2yi8y2L\/view?usp=drive_link\" target=\"_blank\" rel=\"noopener\">Lettre aux membres num\u00e9ro 59<\/a> : Quelques nouvelles<\/p>\n<p>27\/04\/25 &#8211; <a href=\"https:\/\/drive.google.com\/file\/d\/1DXDIjDONkop-ADQBFAgxHjjZHRTwU9DC\/view?usp=drive_link\" target=\"_blank\" rel=\"noopener\">Lettre aux membres num\u00e9ro 58<\/a> : La conf\u00e9rence ICCF26 n\u00e9cessite le soutien de tous les chercheurs<\/p>\n<p>14\/04\/25 &#8211; <a href=\"https:\/\/drive.google.com\/file\/d\/1rFo0CVkFblFldxioiRZMZOdrqzSb0emm\/view?usp=drive_link\" target=\"_blank\" rel=\"noopener\">Lettre aux membres num\u00e9ro 57<\/a> : Le conf\u00e9rence ICCF26 approche<\/p>\n<p>16\/02\/25 &#8211; <a href=\"https:\/\/drive.google.com\/file\/d\/1OH4eKRVP_E28bV-1cf8JRoZsw9acKsYB\/view?usp=drive_link\" target=\"_blank\" rel=\"noopener\">Lettre aux membres num\u00e9ro 56<\/a> : Nos remerciements au Dr. Brian David Josephson<\/p>\n<p>11\/12\/24 &#8211; <a href=\"https:\/\/drive.google.com\/file\/d\/1_Fpuc_73YV9623_qovIeHWIlHyZsr8PV\/view?usp=drive_link\" target=\"_blank\" rel=\"noopener\">Lettre aux membres num\u00e9ro 55<\/a> : Annonce de la conf\u00e9rence ICCF26<\/p>\n<p>18\/11\/24 &#8211; <a href=\"https:\/\/drive.google.com\/file\/d\/1MiogrODx1tTmhj1QiX4tXABBWODU5u1O\/view?usp=drive_link\" target=\"_blank\" rel=\"noopener\">Lettre aux membres num\u00e9ro 54<\/a> : Une conspiration contre la fusion froide<\/p>\n<p>02\/10\/24 &#8211; <a href=\"https:\/\/drive.google.com\/file\/d\/1ggejYo-8STnJtcK6aSikDLp1l39EXeLI\/view?usp=drive_link\" target=\"_blank\" rel=\"noopener\">Lettre aux membres num\u00e9ro 53<\/a> : Publication des expos\u00e9s fait \u00e0 Strasbourg<\/p>\n<p>15\/09\/24 &#8211; <a href=\"https:\/\/drive.google.com\/file\/d\/1e7A25H4_kkPDgUSvNsHStIbB6jw-At3a\/view?usp=drive_link\" target=\"_blank\" rel=\"noopener\">Lettre aux membres num\u00e9ro 52<\/a> : Apr\u00e8s Strasbourg<\/p>\n<p>20\/08\/24 &#8211; <a href=\"https:\/\/drive.google.com\/file\/d\/12_6YXyFVF_jZQ2OI714hMIYIrgRZV_s1\/view?usp=drive_link\" target=\"_blank\" rel=\"noopener\">Lettre aux membres num\u00e9ro 51<\/a> : Bient\u00f4t Strasbourg<\/p>\n<p>22\/06\/24 &#8211; <a href=\"https:\/\/drive.google.com\/file\/d\/1uD6RpUd8wLbgzeWD9abvFC4UQz-PJnr_\/view?usp=drive_link\" target=\"_blank\" rel=\"noopener\">Lettre aux membres num\u00e9ro 50<\/a> : Dernier appel avant Strasbourg<\/p>\n<p>21\/05\/24 &#8211; <a href=\"https:\/\/drive.google.com\/file\/d\/13lMyuUkhVZyDJH9m71wK_UyAKOoVzoTv\/view?usp=drive_link\" target=\"_blank\" rel=\"noopener\">Lettre aux membres num\u00e9ro 49<\/a> : Le point sur les conf\u00e9rences de Strasbourg<\/p>\n<p>01\/04\/24 &#8211; <a href=\"https:\/\/drive.google.com\/file\/d\/1n37Zf9YzJIo-DrCov2wy4TJljZlRlB92\/view?usp=drive_link\" target=\"_blank\" rel=\"noopener\">Lettre aux membres num\u00e9ro 48<\/a> : Strasbourg &#8211; Bill Collis Memorial Workshop &#8211; CleanHME Conference<\/p>\n<p>04\/02\/24 &#8211; <a href=\"https:\/\/drive.google.com\/file\/d\/1ideJR3DdEDDseB8yUbEAVqVN8i2sI7es\/view?usp=drive_link\" target=\"_blank\" rel=\"noopener\">Lettre aux membres num\u00e9ro 47<\/a> : Premi\u00e8re annonce du colloque de Strasbourg<\/p>\n<p>21\/12\/23 &#8211; <a href=\"https:\/\/drive.google.com\/file\/d\/1X7XwGYhwoUJtYI7dano_RBAt3eH8QX5W\/view?usp=drive_link\" target=\"_blank\" rel=\"noopener\">Lettre aux membres num\u00e9ro 46<\/a> : L&rsquo;ann\u00e9e 2023 s&rsquo;ach\u00e8ve<\/p>\n<p>17\/10\/23 &#8211; <a href=\"https:\/\/drive.google.com\/file\/d\/1QzXvOqgHA3nU2OqttJpBo1HvkqkjLjKl\/view?usp=drive_link\" target=\"_blank\" rel=\"noopener\">Lettre aux membres num\u00e9ro 45<\/a> : Les pr\u00e9sentations ICCF25 sont en ligne<\/p>\n<p>03\/09\/23 &#8211; <a href=\"https:\/\/drive.google.com\/file\/d\/1MK-2JZBG9dxi_DMGp69sF5nS9X5pfsOJ\/view?usp=drive_link\" target=\"_blank\" rel=\"noopener\">Lettre aux membres num\u00e9ro 44<\/a> : Suite \u00e0 ICCF25<\/p>\n<p>21\/07\/23 &#8211; <a href=\"https:\/\/drive.google.com\/file\/d\/1Xgm5pV6KPLflf4HV4DTyYpMOokE9nrA0\/view?usp=drive_link\" target=\"_blank\" rel=\"noopener\">Lettre aux membres num\u00e9ro 43<\/a> : In Memoriam William Collis<\/p>\n<p>30\/06\/23 &#8211; <a href=\"https:\/\/drive.google.com\/file\/d\/1cSTYBRzA6uaR24RScGQlo6BEtAh6QjZ3\/view?usp=drive_link\" target=\"_blank\" rel=\"noopener\">Lettre aux membres num\u00e9ro 42<\/a> : Programme du congr\u00e8s ICCF25<\/p>\n<p>23\/05\/23 &#8211; <a href=\"https:\/\/drive.google.com\/file\/d\/10HckV_GIpiiBaOrmv9QrltwpQrIZjQ66\/view?usp=drive_link\" target=\"_blank\" rel=\"noopener\">Lettre aux membres num\u00e9ro 41<\/a> : ICCF25 se pr\u00e9pare<\/p>\n<p>23\/05\/23 &#8211; <a href=\"https:\/\/drive.google.com\/file\/d\/1scjLUdcWJdkN9mwIGM6k6G0vWYe-GCwr\/view?usp=drive_link\" target=\"_blank\" rel=\"noopener\">Lettre aux membres num\u00e9ro 40<\/a> : Pr\u00e9sentez vos travaux au congr\u00e8s ICCF25<\/p>\n<p>01\/03\/23 &#8211; <a href=\"https:\/\/drive.google.com\/file\/d\/1oXgrFkgTKZ8G9nrGP_QO57bal6mLdGkJ\/view?usp=drive_link\" target=\"_blank\" rel=\"noopener\">Lettre aux membres num\u00e9ro 39<\/a> : Nouvelles des Am\u00e9riques et pr\u00e9cision du ICCF25<\/p>\n<p>05\/02\/23 &#8211; <a href=\"https:\/\/drive.google.com\/file\/d\/1SFJ6X-fuRoAzE2Ok1BclzSdtppVpWl4G\/view?usp=drive_link\" target=\"_blank\" rel=\"noopener\">Lettre aux membres num\u00e9ro 38<\/a> : Annonce du congr\u00e8s ICCF25<\/p>\n<p>08\/01\/23 &#8211; <a href=\"https:\/\/drive.google.com\/file\/d\/17k_kZ-i5VazlOO5biM2zpPIis63jUw3m\/view?usp=drive_link\" target=\"_blank\" rel=\"noopener\">Lettre aux membres num\u00e9ro 37<\/a> : Voeux 2023 et mise en ligne de RNBE-2022<\/p>\n<p>19\/12\/22 &#8211; <a href=\"https:\/\/drive.google.com\/file\/d\/1tgtUBeSAWqH6_jRECIAnyz61E0JZ94XE\/view?usp=drive_link\" target=\"_blank\" rel=\"noopener\">Lettre aux membres num\u00e9ro 36<\/a> : Retour sur RNBE-2022 et commentaires sur les annonce du LLL.<\/p>\n<p>13\/10\/22 &#8211; <a href=\"https:\/\/drive.google.com\/file\/d\/1-aVZ3Uqh732D4NC3n3VxPIwXJG57jYm4\/view?usp=drive_link\" target=\"_blank\" rel=\"noopener\">Lettre aux membres num\u00e9ro 35<\/a> : Changement de format pour RNBE-2022<\/p>\n<p>10\/09\/22 &#8211; <a href=\"https:\/\/drive.google.com\/file\/d\/1P8pSoJSlNkkxC2ylihFgQkWa8PkCUzvw\/view?usp=drive_link\" target=\"_blank\" rel=\"noopener\">Lettre aux membres num\u00e9ro 34<\/a> : Retour sur ICCF24 et pr\u00e9paration de RNBE-2022<\/p>\n<p>29\/06\/22 &#8211; <a href=\"https:\/\/drive.google.com\/file\/d\/1t4VJ9NCaOpmYefdbIF9y-eLKsB1Hya68\/view?usp=drive_link\" target=\"_blank\" rel=\"noopener\">Lettre aux membres num\u00e9ro 33<\/a> : Organisation du symposium RNBE-2022<\/p>\n<p>28\/05\/22 &#8211; <a href=\"https:\/\/drive.google.com\/file\/d\/1adZVBhWdCwFWFNSpD5_URk13pqXeP7Kq\/view?usp=drive_link\" target=\"_blank\" rel=\"noopener\">Lettre aux membres num\u00e9ro 32<\/a> : Invitation au symposium RNBE-2022<\/p>\n<p>30\/03\/22 &#8211; <a href=\"https:\/\/drive.google.com\/file\/d\/1kSMaaM_gYYIuseDxOZNPNjTFVLDpdHtW\/view?usp=drive_link\" target=\"_blank\" rel=\"noopener\">Lettre aux membres num\u00e9ro 31<\/a> : Triste actualit\u00e9 et annonce du colloque RNBE-2022<\/p>\n<p>18\/01\/22 &#8211; <a href=\"https:\/\/drive.google.com\/file\/d\/1JO9D_kIUHReW5K5skd_o0siTzdGJEahX\/view?usp=drive_link\" target=\"_blank\" rel=\"noopener\">Lettre aux membres num\u00e9ro 30<\/a> : Pour 2022<\/p>\n<p>18\/12\/21 &#8211; <a href=\"https:\/\/drive.google.com\/file\/d\/1GN4Ar5BEo8NF-erDnovWFVn74K0OzCac\/view?usp=drive_link\" target=\"_blank\" rel=\"noopener\">Lettre aux membres num\u00e9ro 29<\/a> : De l&rsquo;importance de l&rsquo;\u00e9nergie<\/p>\n<p>23\/10\/21 &#8211; <a href=\"https:\/\/drive.google.com\/file\/d\/1p_eiLQzXFc-SCSys0Qv-5rcpikALRKZe\/view?usp=drive_link\" target=\"_blank\" rel=\"noopener\">Lettre aux membres num\u00e9ro 28<\/a> : Des nouvelles d&rsquo;Am\u00e9rique, de ICCF24, et de ITER<\/p>\n<p>12\/09\/21 &#8211; <a href=\"https:\/\/drive.google.com\/file\/d\/16mXI-e0yXu-8BfrXM5WaC0a_lVf_4omL\/view?usp=drive_link\" target=\"_blank\" rel=\"noopener\">Lettre aux membres num\u00e9ro 27<\/a> : IWAHLM14 et nouvelles du Japon<\/p>\n<p>05\/08\/21 &#8211; <a href=\"https:\/\/drive.google.com\/file\/d\/1KWt-yaU-XtM72Ua0bQyek4vgA5ynHnmp\/view?usp=drive_link\" target=\"_blank\" rel=\"noopener\">Lettre aux membres num\u00e9ro 26<\/a> : Bient\u00f4t IWAHLM14<\/p>\n<p>14\/06\/21 &#8211; <a href=\"https:\/\/drive.google.com\/file\/d\/1A4--68LVOiCxkKwsbYolu6zPHnCZTY2i\/view?usp=drive_link\" target=\"_blank\" rel=\"noopener\">Lettre aux membres num\u00e9ro 25<\/a> : Apr\u00e8s ICCF23<\/p>\n<p>24\/05\/21 &#8211; <a href=\"https:\/\/drive.google.com\/file\/d\/1uZ_VdUwfqf3eo9oOtBmS4go8riH_V4wb\/view?usp=drive_link\" target=\"_blank\" rel=\"noopener\">Lettre aux membres num\u00e9ro 24<\/a> : Assembl\u00e9e g\u00e9n\u00e9rale et prochaines conf\u00e9rences<\/p>\n<p>23\/03\/21 &#8211; <a href=\"https:\/\/drive.google.com\/file\/d\/1FIwQnd8CvvxM5MjKdtzUdaRDhCf5I1tA\/view?usp=drive_link\" target=\"_blank\" rel=\"noopener\">Lettre aux membres num\u00e9ro 23<\/a> : 32\u00e8me anniversaire et prochaine conf\u00e9rences<\/p>\n<p>03\/03\/21 &#8211; <a href=\"https:\/\/drive.google.com\/file\/d\/1VnyLz-4HCHKqwHU7T8RrCREhEIakT4K9\/view?usp=drive_link\" target=\"_blank\" rel=\"noopener\">Lettre aux membres num\u00e9ro 22<\/a> : Des nouvelles du Japon<\/p>\n<p>20\/01\/21 &#8211; <a href=\"https:\/\/drive.google.com\/file\/d\/1jRXlENyyTKfo8E_YC8JIDa6OJiT-0Ro5\/view?usp=drive_link\" target=\"_blank\" rel=\"noopener\">Lettre aux membres num\u00e9ro 21<\/a> : Pour d\u00e9buter 2021<\/p>\n<p>08\/12\/20 &#8211; <a href=\"https:\/\/drive.google.com\/file\/d\/1u4519g-Q5ohBHiPe3YDDCVD73BShiZ7Y\/view?usp=drive_link\" target=\"_blank\" rel=\"noopener\">Lettre aux membres num\u00e9ro 20<\/a> : Apr\u00e8s le colloque RNBE<\/p>\n<p>01\/10\/20 &#8211; <a href=\"https:\/\/drive.google.com\/file\/d\/1aFU_DcG4ok0MMQdnrzmrm4vx3GU73H_G\/view?usp=drive_link\" target=\"_blank\" rel=\"noopener\">Lettre aux membres num\u00e9ro 19<\/a> : Prochain colloque RNBE-2020<\/p>\n<p>01\/08\/20 &#8211; <a href=\"https:\/\/drive.google.com\/file\/d\/1WYFK0DSlKpgd4XTDF6uQgbxlkvPri2Xg\/view?usp=drive_link\" target=\"_blank\" rel=\"noopener\">Lettre aux membres num\u00e9ro 18<\/a> : L&rsquo;Europe soutient la recherche sur les r\u00e9actions M\u00e9tal-Hydrog\u00e8ne<\/p>\n<p>02\/06\/20 &#8211; <a href=\"https:\/\/drive.google.com\/file\/d\/105ZRfkQGta8s55LJ1Rajl63r6_yPQ5NP\/view?usp=drive_link\" target=\"_blank\" rel=\"noopener\">Lettre aux membres num\u00e9ro 17<\/a> : Annonce du colloque RNBE-2020<\/p>\n<p>20\/03\/20 &#8211; <a href=\"https:\/\/drive.google.com\/file\/d\/1iSeh1WICWDj4SLPD0YyXk-8KfS7AcinF\/view?usp=drive_link\" target=\"_blank\" rel=\"noopener\">Lettre aux membres num\u00e9ro 16<\/a> : Au-del\u00e0 du coronavirus<\/p>\n<p>16\/02\/20 &#8211; <a href=\"https:\/\/drive.google.com\/file\/d\/1KGkzsYXgFrKmxboVT6zVO2bos9I3zA1m\/view?usp=drive_link\" target=\"_blank\" rel=\"noopener\">Lettre aux membres num\u00e9ro 15<\/a> : Evolution dans l&rsquo;acceptation des RNBE<\/p>\n<p>24\/12\/19 &#8211; <a href=\"https:\/\/drive.google.com\/file\/d\/0B9qCtGOFmvhmQTBEVG1qMW1WVGd5QVJTSFQ5V2dCVFZNWXln\/view?usp=drive_link&amp;resourcekey=0-rJIgygSJg0D3LJbOTXU48g\" target=\"_blank\" rel=\"noopener\">Lettre aux membres num\u00e9ro 14<\/a> : Meilleurs v\u0153ux pour 2020<\/p>\n<p>13\/11\/19 &#8211; <a href=\"https:\/\/drive.google.com\/file\/d\/1YQR0h9ix5IdYTVX0Lx-nOH7K5nsMBr31\/view?usp=drive_link\" target=\"_blank\" rel=\"noopener\">Lettre aux membres num\u00e9ro 13<\/a> : Apr\u00e8s ICCF22<\/p>\n<p>14\/07\/19 &#8211; <a href=\"https:\/\/drive.google.com\/file\/d\/1sQx-Gwital0xowTuLrvcdyA62nnm89NW\/view?usp=drive_link\" target=\"_blank\" rel=\"noopener\">Lettre aux membres num\u00e9ro 12<\/a> : Nouvelles de Londres, d&rsquo;Am\u00e9riques et d&rsquo;ailleurs<\/p>\n<p dir=\"ltr\">03\/06\/19 &#8211; <a href=\"https:\/\/drive.google.com\/file\/d\/1HA0faLk81d_LrgGi9ymGBaA5tLPoyc02\/view?usp=sharing\" target=\"_blank\" rel=\"noopener\">Lettre aux membres num\u00e9ro 11<\/a> : Google publie dans Nature<\/p>\n<p dir=\"ltr\">30\/04\/19 &#8211; <a href=\"https:\/\/drive.google.com\/file\/d\/1_97WXzWOYG8dm1SrRCEBYcldGAA8bSv_\/view?usp=drive_link\" target=\"_blank\" rel=\"noopener\">Lettre aux membres num\u00e9ro 10<\/a> : LENR au Japon<\/p>\n<p dir=\"ltr\">12\/03\/19 &#8211; <a href=\"https:\/\/drive.google.com\/open?id=0B9qCtGOFmvhmQ0VUYmlpOTczNTBwNzhKVFRrTFA5a3Y0OHBJ\" target=\"_blank\" rel=\"noopener noreferrer\">Lettre aux membres num\u00e9ro 9<\/a> : Quand Google s&rsquo;int\u00e9resse \u00e0 la Fusion Froide<\/p>\n<p dir=\"ltr\">02\/02\/19 &#8211; <a href=\"https:\/\/drive.google.com\/open?id=0B9qCtGOFmvhmS0tDWjRBeHd5Xy1yVXM0bUxCZHZMbGtYdE04\" target=\"_blank\" rel=\"noopener noreferrer\">Lettre aux membres num\u00e9ro 8<\/a> : Au sujet d&rsquo;Andrea Rossi<\/p>\n<p dir=\"ltr\">19\/11\/18 &#8211; <a href=\"https:\/\/drive.google.com\/open?id=0B9qCtGOFmvhmN1hVbk5vMVM5cDB0SXozU0taU2tZcHVacGZF\" target=\"_blank\" rel=\"noopener noreferrer\">Lettre aux membres num\u00e9ro 6<\/a> : RNBE et propri\u00e9t\u00e9 intellectuelle<\/p>\n<p dir=\"ltr\">25\/09\/18 &#8211; <a href=\"https:\/\/drive.google.com\/open?id=0B9qCtGOFmvhmRGNOZ2hKYmEwTkdqbDBEd19ReDVnbGlmZi1z\" target=\"_blank\" rel=\"noopener noreferrer\">Lettre aux membres num\u00e9ro 5<\/a> : Voici la rentr\u00e9e<\/p>\n<p dir=\"ltr\">25\/06\/18 &#8211; <a href=\"https:\/\/drive.google.com\/open?id=0B9qCtGOFmvhmY085OWlBeUhtRF9IVlh3ZkQ1WUJDM2o5TjJn\" target=\"_blank\" rel=\"noopener noreferrer\">Lettre aux membres num\u00e9ro 4<\/a> : Apr\u00e8s ICCF21<\/p>\n<p dir=\"ltr\">22\/05\/18 &#8211; <a href=\"https:\/\/drive.google.com\/file\/d\/0B9qCtGOFmvhmZTVjYkMxOTBoUzh2NVB5eWJoTFE0VUZabzRr\/view?usp=sharing\" target=\"_blank\" rel=\"noopener noreferrer\">Lettre aux membres num\u00e9ro 3<\/a> : Croire n&rsquo;est pas savoir<\/p>\n<p dir=\"ltr\">27\/04\/18 &#8211; <a href=\"https:\/\/drive.google.com\/open?id=0B9qCtGOFmvhmMWI1dFBOUl93TlVDN0xlY1hFSENCUmZsWUZZ\" target=\"_blank\" rel=\"noopener noreferrer\">Lettre aux membres num\u00e9ro 2<\/a> : Le bout du tunnel?<\/p>\n<p dir=\"ltr\">25\/03\/18 &#8211; Changement de pr\u00e9sident, changement de format. Jacques Ruer a \u00e9t\u00e9 nomm\u00e9 pr\u00e9sident de l&rsquo;association au terme de la seconde \u00e9dition du Symposium RNBE-2018. Pour f\u00eater cela, il nous fait part de sa premi\u00e8re <a href=\"https:\/\/drive.google.com\/open?id=0B9qCtGOFmvhmeWJPMGJ4SFdCS2NzdVN0UGhUbFNIeHdfNVA4\" target=\"_blank\" rel=\"noopener noreferrer\">Lettre aux membres<\/a>.<\/p>\n<p dir=\"ltr\">11\/11\/17 &#8211; Nous sommes heureux de vous annoncer la tenue du second Symposium RNBE-2018 \u00e0 Paris du 23 au 24 mars 2018. Vous trouverez toutes le informations n\u00e9cessaires sur <a href=\"https:\/\/www.sfsnmc.org\/index.php\/symposiums\/symposium-rnbe-2018\/\">notre page d\u00e9di\u00e9e<\/a>.<\/p>\n<p dir=\"ltr\">05\/06\/17 &#8211; 12th International Workshop on Anomalies in Hydrogen Loaded Metals<\/p>\n<p dir=\"ltr\">Ce <a href=\"http:\/\/iscmns.org\/work12\/index.htm\" target=\"_blank\" rel=\"noopener noreferrer\">rendez-vous<\/a> international de l\u2019\u00e9tude des anomalies dans les m\u00e9taux charg\u00e9s en hydrog\u00e8ne est un classique des conf\u00e9rences europ\u00e9ennes organis\u00e9es par Bill Collis.<\/p>\n<p dir=\"ltr\">02\/01\/17 &#8211; Retrouvez l&rsquo;<a href=\"https:\/\/www.youtube.com\/watch?v=EtskwiiTbl4\" target=\"_blank\" rel=\"noopener noreferrer\">interview de Pierre Clauzon<\/a> sur notre cha\u00eene YouTube. Merci Pierre !<\/p>\n<p dir=\"ltr\">11\/11\/16 &#8211; Publication des papiers de la conf\u00e9rence<\/p>\n<p dir=\"ltr\">Un volume d\u00e9di\u00e9 du journal de la Science Nucl\u00e9aire dans la Mati\u00e8re Condens\u00e9e a vu le jour. Vous pouvez le t\u00e9l\u00e9charger <a href=\"http:\/\/lenr-canr.org\/acrobat\/BiberianJPjcondensedt.pdf\">ici<\/a>.<\/p>\n<p dir=\"ltr\">17\/10\/2016 &#8211; Le Symposium RNBE-2016 en Vid\u00e9o sur YouTube<\/p>\n<p dir=\"ltr\">L&rsquo;ensemble des pr\u00e9sentations faites pendant le Symposium RNBE-2016 sont disponibles sur YouTube \u00e0 cette <a href=\"https:\/\/www.youtube.com\/playlist?list=PLSXH-_auE_Vp95rA0xiLlYxt7g_I7r1AV\">adresse<\/a>. Merci Ana\u00efs !<\/p>\n<\/div>\n<div id=\"bk20\" class=\"bk-widget widget-content widget-content-G4VDV7\">\n<p dir=\"ltr\">18\/03\/2016 &#8211; Symposium RNBE-2016<\/p>\n<p dir=\"ltr\">La soci\u00e9t\u00e9 organise sa premi\u00e8re conf\u00e9rence en Avignon.<\/p>\n<p dir=\"ltr\">07\/12\/2015 &#8211; Le nouveau site est actif.<\/p>\n<p dir=\"ltr\">Apr\u00e8s beaucoup de travail dans la r\u00e9daction, la programmation et les revues de ce projet de nouveau site Internet, nous avons le plaisir de vous pr\u00e9senter le r\u00e9sultat de nos efforts. Merci de vos visites et nous esp\u00e9rons qu&rsquo;il vous plaira.<\/p>\n<p dir=\"ltr\">02\/12\/2015 &#8211; Premier symposium.<\/p>\n<p dir=\"ltr\">Les d\u00e9tails du premier Symposium RNBE-2016 sont pr\u00eat. Rendez-vous entre le 18 et le 20 Mars !<\/p>\n<p dir=\"ltr\">26\/09\/2015 &#8211; Migration du site internet<\/p>\n<p dir=\"ltr\">Nous avons un nouvel h\u00e9bergeur. Celui-ci nous offre g\u00e9n\u00e9reusement l\u2019h\u00e9bergement du site internet de l&rsquo;association. Merci \u00e0 lui !<\/p>\n<\/div>\n<p dir=\"ltr\">05\/04\/2015 &#8211; Ouverture du compte FaceBook de l&rsquo;association.<\/p>\n<p dir=\"ltr\">Vous pouvez suivre les actualit\u00e9s de la soci\u00e9t\u00e9 sur FaceBook \u00e0 la page suivante : https:\/\/www.facebook.com\/SFSNMC<\/p>\n<div id=\"bk20\" class=\"bk-widget widget-content widget-content-G4VDV7\">\n<p dir=\"ltr\">10\/03\/2015 &#8211; Ouverture du groupe de discussion<\/p>\n<p dir=\"ltr\">Participez aux discussions, posez vos questions, d\u00e9couvrez l&rsquo;actualit\u00e9 des r\u00e9actions nucl\u00e9aires \u00e0 basse \u00e9nergie avec nous. Faites nous part de votre int\u00e9r\u00eat en \u00e9crivant un email \u00e0 info@sfsnmc.org.<\/p>\n<p dir=\"ltr\">09\/03\/2015 &#8211; Annonce de l&rsquo;assembl\u00e9e g\u00e9n\u00e9rale<\/p>\n<p dir=\"ltr\">L&rsquo;AG de l&rsquo;asso se d\u00e9roulera pendant le Mardi 24 Mars en Avignon. Contactez le pr\u00e9sident pour recevoir tous les d\u00e9tails.<\/p>\n<p dir=\"ltr\">16\/12\/2014 &#8211; Revue du site internet<\/p>\n<p dir=\"ltr\">Une revue du site internet est en cours, vous pouvez participer et nous donner votre avis. Surtout n&rsquo;h\u00e9sitez pas!<\/p>\n<p dir=\"ltr\">01\/10\/2014 &#8211; L&rsquo;association se cr\u00e9\u00e9e.<\/p>\n<p dir=\"ltr\">Devenez membre et participez aux discussions sur l&rsquo;orientation de l&rsquo;action associative.<\/p>\n<\/div>\n","protected":false},"excerpt":{"rendered":"<p>Actualit\u00e9s Nous avons le plaisir de vous inviter \u00e0 participer \u00e0 la rencontre IWAHLM17 qui aura lieu du le\u00a024 au 26 mars 2026. De nombreux \u00e9v\u00e9nements se sont produits dans notre domaine et il est temps de nous retrouver afin de pouvoir \u00e9changer sur les avanc\u00e9es r\u00e9centes. 16\/11\/25 &#8211; Lettre aux membres num\u00e9ro 60 :&hellip;<\/p>\n","protected":false},"author":1,"featured_media":0,"parent":0,"menu_order":3,"comment_status":"closed","ping_status":"closed","template":"page-templates\/template-full-width.php","meta":{"footnotes":""},"class_list":["post-44","page","type-page","status-publish","hentry"],"_links":{"self":[{"href":"https:\/\/www.sfsnmc.org\/index.php\/wp-json\/wp\/v2\/pages\/44","targetHints":{"allow":["GET"]}}],"collection":[{"href":"https:\/\/www.sfsnmc.org\/index.php\/wp-json\/wp\/v2\/pages"}],"about":[{"href":"https:\/\/www.sfsnmc.org\/index.php\/wp-json\/wp\/v2\/types\/page"}],"author":[{"embeddable":true,"href":"https:\/\/www.sfsnmc.org\/index.php\/wp-json\/wp\/v2\/users\/1"}],"replies":[{"embeddable":true,"href":"https:\/\/www.sfsnmc.org\/index.php\/wp-json\/wp\/v2\/comments?post=44"}],"version-history":[{"count":25,"href":"https:\/\/www.sfsnmc.org\/index.php\/wp-json\/wp\/v2\/pages\/44\/revisions"}],"predecessor-version":[{"id":612,"href":"https:\/\/www.sfsnmc.org\/index.php\/wp-json\/wp\/v2\/pages\/44\/revisions\/612"}],"wp:attachment":[{"href":"https:\/\/www.sfsnmc.org\/index.php\/wp-json\/wp\/v2\/media?parent=44"}],"curies":[{"name":"wp","href":"https:\/\/api.w.org\/{rel}","templated":true}]}}