{"id":572,"date":"2025-11-18T12:55:16","date_gmt":"2025-11-18T11:55:16","guid":{"rendered":"https:\/\/www.sfsnmc.org\/?page_id=572"},"modified":"2025-11-30T11:51:21","modified_gmt":"2025-11-30T10:51:21","slug":"inscription-a-liwahlm17","status":"publish","type":"page","link":"https:\/\/www.sfsnmc.org\/index.php\/iwahlm-17\/inscription-a-liwahlm17\/","title":{"rendered":"Inscription \u00e0 l&rsquo;IWAHLM17"},"content":{"rendered":"<p>Cette page a pour but de faciliter votre inscription. Elle se fait en deux \u00e9tapes, le renseignement de vos informations personnelles et le paiement. Tous les participants doivent compl\u00e9ter ces deux \u00e9tapes, qu&rsquo;ils soient simples conf\u00e9renciers ou qu&rsquo;ils viennent pr\u00e9senter leurs travaux, sans quoi l&rsquo;inscription n&rsquo;est pas valide.<\/p>\n<p>La premi\u00e8re \u00e9tape consiste \u00e0 renseigner un formulaire d&rsquo;inscription en utilisant le document disponible en <a href=\"https:\/\/forms.gle\/qvkQ94jk4GwpmeNk6\" target=\"_blank\" rel=\"noopener\">suivant ce lien<\/a>. Veillez bien \u00e0 faire d\u00e9filer la page vers le bas une fois vos r\u00e9ponses soumises.<\/p>\n<p>Pour rappel, l&rsquo;inscription a un co\u00fbt diff\u00e9rent si vous \u00eates membre de la SFSNMC, veuillez en tenir compte dans le montant de votre paiement.<\/p>\n<p>Ensuite, pour effectuer votre paiement via Paypal, veuillez utiliser le lien suivant :<\/p>\n<div>\n<style>.pp-2RBGV4YB3FSBN{text-align:center;border:none;border-radius:0.25rem;min-width:11.625rem;padding:0 2rem;height:2.625rem;font-weight:bold;background-color:#FFD140;color:#000000;font-family:\"Helvetica Neue\",Arial,sans-serif;font-size:1rem;line-height:1.25rem;cursor:pointer;}<\/style>\n<form style=\"display: inline-grid; justify-items: center; align-content: start; gap: 0.5rem;\" action=\"https:\/\/www.paypal.com\/ncp\/payment\/2RBGV4YB3FSBN\" method=\"post\" target=\"_blank\"><input class=\"pp-2RBGV4YB3FSBN\" type=\"submit\" value=\"Pay Now\" \/><br \/>\n<img decoding=\"async\" src=\"https:\/\/www.paypalobjects.com\/images\/Debit_Credit_APM.svg\" alt=\"cards\" \/><\/p>\n<section style=\"font-size: 0.75rem;\">Powered by <img decoding=\"async\" style=\"height: 0.875rem; vertical-align: middle;\" src=\"https:\/\/www.paypalobjects.com\/paypal-ui\/logos\/svg\/paypal-wordmark-color.svg\" alt=\"paypal\" \/><\/section>\n<\/form>\n<\/div>\n<p>Si vous avez un compte bancaire Fran\u00e7ais et pr\u00e9f\u00e9rez ce mode de paiement, vous pouvez envoyer un ch\u00e8que du montant correspondant au co\u00fbt de l&rsquo;inscription \u00e0 l&rsquo;adresse de l&rsquo;association :<\/p>\n<p>SFSNMC<br \/>\n7, rue de l&rsquo;Eglise<br \/>\n30190 St Geni\u00e8s de Malgoir\u00e8s<code><\/code><\/p>\n","protected":false},"excerpt":{"rendered":"<p>Cette page a pour but de faciliter votre inscription. Elle se fait en deux \u00e9tapes, le renseignement de vos informations personnelles et le paiement. Tous les participants doivent compl\u00e9ter ces deux \u00e9tapes, qu&rsquo;ils soient simples conf\u00e9renciers ou qu&rsquo;ils viennent pr\u00e9senter leurs travaux, sans quoi l&rsquo;inscription n&rsquo;est pas valide. La premi\u00e8re \u00e9tape consiste \u00e0 renseigner un&hellip;<\/p>\n","protected":false},"author":1,"featured_media":0,"parent":556,"menu_order":0,"comment_status":"closed","ping_status":"closed","template":"page-templates\/template-full-width.php","meta":{"footnotes":""},"class_list":["post-572","page","type-page","status-publish","hentry"],"_links":{"self":[{"href":"https:\/\/www.sfsnmc.org\/index.php\/wp-json\/wp\/v2\/pages\/572","targetHints":{"allow":["GET"]}}],"collection":[{"href":"https:\/\/www.sfsnmc.org\/index.php\/wp-json\/wp\/v2\/pages"}],"about":[{"href":"https:\/\/www.sfsnmc.org\/index.php\/wp-json\/wp\/v2\/types\/page"}],"author":[{"embeddable":true,"href":"https:\/\/www.sfsnmc.org\/index.php\/wp-json\/wp\/v2\/users\/1"}],"replies":[{"embeddable":true,"href":"https:\/\/www.sfsnmc.org\/index.php\/wp-json\/wp\/v2\/comments?post=572"}],"version-history":[{"count":19,"href":"https:\/\/www.sfsnmc.org\/index.php\/wp-json\/wp\/v2\/pages\/572\/revisions"}],"predecessor-version":[{"id":629,"href":"https:\/\/www.sfsnmc.org\/index.php\/wp-json\/wp\/v2\/pages\/572\/revisions\/629"}],"up":[{"embeddable":true,"href":"https:\/\/www.sfsnmc.org\/index.php\/wp-json\/wp\/v2\/pages\/556"}],"wp:attachment":[{"href":"https:\/\/www.sfsnmc.org\/index.php\/wp-json\/wp\/v2\/media?parent=572"}],"curies":[{"name":"wp","href":"https:\/\/api.w.org\/{rel}","templated":true}]}}